{"id":112,"date":"2021-02-01T16:00:15","date_gmt":"2021-02-01T16:00:15","guid":{"rendered":"https:\/\/kita-sonnenblume-hamburg.de\/?page_id=112"},"modified":"2021-10-05T09:40:05","modified_gmt":"2021-10-05T09:40:05","slug":"unsere-betreuungszeiten","status":"publish","type":"page","link":"https:\/\/kita-sonnenblume-hamburg.de\/?page_id=112","title":{"rendered":"Unsere Betreuungszeiten"},"content":{"rendered":"\n<p><strong>Unser Kita ist wie folgt ge\u00f6ffnet:<\/strong><\/p>\n\n\n\n<p><strong>von 7.00 Uhr bis 17.00 Uhr.<\/strong><\/p>\n\n\n\n<p><strong>Folgende Betreuungsm\u00f6glichkeiten bieten wir an<\/strong>:<br><strong>Im Elementarbereich:<\/strong><br><strong>5 Stunden plus Mittagessen<\/strong><br><strong>6 Stunden plus Mittagessen<\/strong><br><strong>8<\/strong> <strong>Stunden plus Mittagessen<\/strong><\/p>\n\n\n\n<p><strong>10 Stunden plus Mittagessen<\/strong><\/p>\n\n\n\n<p><\/p>\n\n\n\n<p><strong>Im Krippenbereich:<\/strong><\/p>\n\n\n\n<p><strong>5 Stunden plus Mittagessen<\/strong><br><strong>6 Stunden plus Mittagessen<\/strong><br><strong>8 Stunden plus Mittagessen<\/strong><\/p>\n\n\n\n<p><strong>10 Stunden plus Mittagessen<\/strong><\/p>\n\n\n\n<p><strong>Die Kita bleibt drei Wochen in den Hamburger Sommerferien und au\u00dferdem zwischen dem 24.12. und dem 31.12. sowie an den gesetzlichen Feiertagen geschlossen.<\/strong><br><br><strong>Es besteht au\u00dferdem die M\u00f6glichkeit, au\u00dferhalb des Kita-Gutschein-Systems zus\u00e4tzliche Betreuungsstunden (\u201eKita am Nachmittag\u201c) zuzukaufen. Vielleicht haben Sie einen Arzttermin oder Sie m\u00fcssen etwas Dringliches erledigen, dann kann dieses Angebot von Interesse sein. <strong>Eine Betreuungsstunde kostet 15 Euro.<\/strong><\/strong><\/p>\n","protected":false},"excerpt":{"rendered":"<p>Unser Kita ist wie folgt ge\u00f6ffnet: von 7.00 Uhr bis 17.00 Uhr. Folgende Betreuungsm\u00f6glichkeiten bieten wir an:Im Elementarbereich:5 Stunden plus Mittagessen6 Stunden plus Mittagessen8 Stunden plus Mittagessen 10 Stunden plus Mittagessen Im Krippenbereich: 5 Stunden plus Mittagessen6 Stunden plus Mittagessen8 Stunden plus Mittagessen 10 Stunden plus Mittagessen Die Kita bleibt drei Wochen in den Hamburger &hellip;<\/p>\n<p class=\"read-more\"> <a class=\"\" href=\"https:\/\/kita-sonnenblume-hamburg.de\/?page_id=112\"> <span class=\"screen-reader-text\">Unsere Betreuungszeiten<\/span> Weiterlesen &raquo;<\/a><\/p>\n","protected":false},"author":1,"featured_media":0,"parent":15,"menu_order":22,"comment_status":"closed","ping_status":"closed","template":"","meta":{"_uag_custom_page_level_css":"","ngg_post_thumbnail":0,"footnotes":""},"class_list":["post-112","page","type-page","status-publish","hentry"],"uagb_featured_image_src":{"full":false,"thumbnail":false,"medium":false,"medium_large":false,"large":false,"1536x1536":false,"2048x2048":false},"uagb_author_info":{"display_name":"admin","author_link":"https:\/\/kita-sonnenblume-hamburg.de\/?author=1"},"uagb_comment_info":0,"uagb_excerpt":"Unser Kita ist wie folgt ge\u00f6ffnet: von 7.00 Uhr bis 17.00 Uhr. Folgende Betreuungsm\u00f6glichkeiten bieten wir an:Im Elementarbereich:5 Stunden plus Mittagessen6 Stunden plus Mittagessen8 Stunden plus Mittagessen 10 Stunden plus Mittagessen Im Krippenbereich: 5 Stunden plus Mittagessen6 Stunden plus Mittagessen8 Stunden plus Mittagessen 10 Stunden plus Mittagessen Die Kita bleibt drei Wochen in den Hamburger&hellip;","_links":{"self":[{"href":"https:\/\/kita-sonnenblume-hamburg.de\/index.php?rest_route=\/wp\/v2\/pages\/112","targetHints":{"allow":["GET"]}}],"collection":[{"href":"https:\/\/kita-sonnenblume-hamburg.de\/index.php?rest_route=\/wp\/v2\/pages"}],"about":[{"href":"https:\/\/kita-sonnenblume-hamburg.de\/index.php?rest_route=\/wp\/v2\/types\/page"}],"author":[{"embeddable":true,"href":"https:\/\/kita-sonnenblume-hamburg.de\/index.php?rest_route=\/wp\/v2\/users\/1"}],"replies":[{"embeddable":true,"href":"https:\/\/kita-sonnenblume-hamburg.de\/index.php?rest_route=%2Fwp%2Fv2%2Fcomments&post=112"}],"version-history":[{"count":5,"href":"https:\/\/kita-sonnenblume-hamburg.de\/index.php?rest_route=\/wp\/v2\/pages\/112\/revisions"}],"predecessor-version":[{"id":316,"href":"https:\/\/kita-sonnenblume-hamburg.de\/index.php?rest_route=\/wp\/v2\/pages\/112\/revisions\/316"}],"up":[{"embeddable":true,"href":"https:\/\/kita-sonnenblume-hamburg.de\/index.php?rest_route=\/wp\/v2\/pages\/15"}],"wp:attachment":[{"href":"https:\/\/kita-sonnenblume-hamburg.de\/index.php?rest_route=%2Fwp%2Fv2%2Fmedia&parent=112"}],"curies":[{"name":"wp","href":"https:\/\/api.w.org\/{rel}","templated":true}]}}