{"id":115,"date":"2021-02-01T16:01:38","date_gmt":"2021-02-01T16:01:38","guid":{"rendered":"https:\/\/kita-sonnenblume-hamburg.de\/?page_id=115"},"modified":"2024-01-08T10:35:32","modified_gmt":"2024-01-08T10:35:32","slug":"paedagogischer-mittagstisch","status":"publish","type":"page","link":"https:\/\/kita-sonnenblume-hamburg.de\/?page_id=115","title":{"rendered":"P\u00e4dagogischer Mittagstisch"},"content":{"rendered":"\n<p><strong>D<\/strong>ie Kinder essen in einer gem\u00fctlich-famili\u00e4ren Atmosph\u00e4re in unserem \u201eKinder-Restaurant\u201c zusammen mit ihrer festen Bezugserzieherin.<\/p>\n\n\n\n<p>Damit nach einem erlebnisreichen Vormittag beim gemeinsamen Essen ausreichende Ruhe einkehren kann, wird das Mittagessen in drei Gruppen eingenommen.<\/p>\n\n\n\n<p>Der Speiseplan ist abwechselungsreich und wir achten auf gesunde und kindgerechte Ern\u00e4hrung.<br>Auch W\u00fcnsche und Bed\u00fcrfnisse der Kinder finden Ber\u00fccksichtigung.<\/p>\n\n\n\n<p>Frisches Obst, Gem\u00fcse, Salate, Joghurt, Quarkspeisen und wechselnde Beilagen geh\u00f6ren selbstverst\u00e4ndlich zur Ern\u00e4hrung der Kinder.<\/p>\n\n\n\n<p>Als Getr\u00e4nk, steht Mineralwasser f\u00fcr die Kinder den ganzen Tag bereit.<\/p>\n","protected":false},"excerpt":{"rendered":"<p>Die Kinder essen in einer gem\u00fctlich-famili\u00e4ren Atmosph\u00e4re in unserem \u201eKinder-Restaurant\u201c zusammen mit ihrer festen Bezugserzieherin. Damit nach einem erlebnisreichen Vormittag beim gemeinsamen Essen ausreichende Ruhe einkehren kann, wird das Mittagessen in drei Gruppen eingenommen. Der Speiseplan ist abwechselungsreich und wir achten auf gesunde und kindgerechte Ern\u00e4hrung.Auch W\u00fcnsche und Bed\u00fcrfnisse der Kinder finden Ber\u00fccksichtigung. Frisches Obst, &hellip;<\/p>\n<p class=\"read-more\"> <a class=\"\" href=\"https:\/\/kita-sonnenblume-hamburg.de\/?page_id=115\"> <span class=\"screen-reader-text\">P\u00e4dagogischer Mittagstisch<\/span> Weiterlesen &raquo;<\/a><\/p>\n","protected":false},"author":1,"featured_media":0,"parent":15,"menu_order":23,"comment_status":"closed","ping_status":"closed","template":"","meta":{"_uag_custom_page_level_css":"","ngg_post_thumbnail":0,"footnotes":""},"class_list":["post-115","page","type-page","status-publish","hentry"],"uagb_featured_image_src":{"full":false,"thumbnail":false,"medium":false,"medium_large":false,"large":false,"1536x1536":false,"2048x2048":false},"uagb_author_info":{"display_name":"admin","author_link":"https:\/\/kita-sonnenblume-hamburg.de\/?author=1"},"uagb_comment_info":0,"uagb_excerpt":"Die Kinder essen in einer gem\u00fctlich-famili\u00e4ren Atmosph\u00e4re in unserem \u201eKinder-Restaurant\u201c zusammen mit ihrer festen Bezugserzieherin. Damit nach einem erlebnisreichen Vormittag beim gemeinsamen Essen ausreichende Ruhe einkehren kann, wird das Mittagessen in drei Gruppen eingenommen. Der Speiseplan ist abwechselungsreich und wir achten auf gesunde und kindgerechte Ern\u00e4hrung.Auch W\u00fcnsche und Bed\u00fcrfnisse der Kinder finden Ber\u00fccksichtigung. Frisches Obst,&hellip;","_links":{"self":[{"href":"https:\/\/kita-sonnenblume-hamburg.de\/index.php?rest_route=\/wp\/v2\/pages\/115","targetHints":{"allow":["GET"]}}],"collection":[{"href":"https:\/\/kita-sonnenblume-hamburg.de\/index.php?rest_route=\/wp\/v2\/pages"}],"about":[{"href":"https:\/\/kita-sonnenblume-hamburg.de\/index.php?rest_route=\/wp\/v2\/types\/page"}],"author":[{"embeddable":true,"href":"https:\/\/kita-sonnenblume-hamburg.de\/index.php?rest_route=\/wp\/v2\/users\/1"}],"replies":[{"embeddable":true,"href":"https:\/\/kita-sonnenblume-hamburg.de\/index.php?rest_route=%2Fwp%2Fv2%2Fcomments&post=115"}],"version-history":[{"count":2,"href":"https:\/\/kita-sonnenblume-hamburg.de\/index.php?rest_route=\/wp\/v2\/pages\/115\/revisions"}],"predecessor-version":[{"id":532,"href":"https:\/\/kita-sonnenblume-hamburg.de\/index.php?rest_route=\/wp\/v2\/pages\/115\/revisions\/532"}],"up":[{"embeddable":true,"href":"https:\/\/kita-sonnenblume-hamburg.de\/index.php?rest_route=\/wp\/v2\/pages\/15"}],"wp:attachment":[{"href":"https:\/\/kita-sonnenblume-hamburg.de\/index.php?rest_route=%2Fwp%2Fv2%2Fmedia&parent=115"}],"curies":[{"name":"wp","href":"https:\/\/api.w.org\/{rel}","templated":true}]}}