{"id":121,"date":"2021-02-01T16:06:48","date_gmt":"2021-02-01T16:06:48","guid":{"rendered":"https:\/\/kita-sonnenblume-hamburg.de\/?page_id=121"},"modified":"2021-02-01T16:06:53","modified_gmt":"2021-02-01T16:06:53","slug":"elternarbeit","status":"publish","type":"page","link":"https:\/\/kita-sonnenblume-hamburg.de\/?page_id=121","title":{"rendered":"Elternarbeit"},"content":{"rendered":"\n<p><strong>Da unser gemeinsames Hauptinteresse den Kindern gilt, liegt uns die&nbsp;<\/strong><em>Zusammenarbeit zwischen der Kita und den Eltern<\/em><strong>&nbsp;sehr am Herzen.<\/strong><\/p>\n\n\n\n<p><strong>Neben T\u00fcr- und Angelgespr\u00e4chen sind nat\u00fcrlich auch Einzelgespr\u00e4che nach vorheriger Vereinbarung m\u00f6glich; und einmal im Jahr findet ein sog. Entwicklungsgespr\u00e4ch mit den Eltern statt.<\/strong><\/p>\n\n\n\n<p><strong>Zu Beginn eines jeden Kitajahres w\u00e4hlen die Eltern aller Kinder den&nbsp;<\/strong><em>Elternbeirat<\/em><strong>. Dieser begleitet inhaltlich die Arbeit der Kita und kann eigene Ideen einbringen.<\/strong><\/p>\n\n\n\n<p><strong>Innerhalb des Jahres bieten wir&nbsp;<\/strong><em>Elternabende<\/em><strong>&nbsp;mit verschiedenen Schwerpunktthemen an: Informationsabend, Elternabend mit einem eingeladenen Referenten, Bastelabend.<br><br>Weitere Formen unserer Elternarbeit sind:<\/strong><\/p>\n\n\n\n<ul class=\"wp-block-list\"><li>Eltern-Kind Veranstaltungen<\/li><li>Teilnahme am Gemeindeleben sowie an<\/li><li>Veranstaltungen der Kirchengemeinde,<\/li><li>z.B.: Pfarrfest, St.Martinsfest,<\/li><li>Flohm\u00e4rkte,Fasching<\/li><li>Elternbeiratsarbeit<\/li><li>Mitarbeit bei Projekten und im Kindergarten-F\u00f6rderverein<\/li><\/ul>\n","protected":false},"excerpt":{"rendered":"<p>Da unser gemeinsames Hauptinteresse den Kindern gilt, liegt uns die&nbsp;Zusammenarbeit zwischen der Kita und den Eltern&nbsp;sehr am Herzen. Neben T\u00fcr- und Angelgespr\u00e4chen sind nat\u00fcrlich auch Einzelgespr\u00e4che nach vorheriger Vereinbarung m\u00f6glich; und einmal im Jahr findet ein sog. Entwicklungsgespr\u00e4ch mit den Eltern statt. Zu Beginn eines jeden Kitajahres w\u00e4hlen die Eltern aller Kinder den&nbsp;Elternbeirat. Dieser begleitet &hellip;<\/p>\n<p class=\"read-more\"> <a class=\"\" href=\"https:\/\/kita-sonnenblume-hamburg.de\/?page_id=121\"> <span class=\"screen-reader-text\">Elternarbeit<\/span> Weiterlesen &raquo;<\/a><\/p>\n","protected":false},"author":1,"featured_media":0,"parent":15,"menu_order":25,"comment_status":"closed","ping_status":"closed","template":"","meta":{"_uag_custom_page_level_css":"","ngg_post_thumbnail":0,"footnotes":""},"class_list":["post-121","page","type-page","status-publish","hentry"],"uagb_featured_image_src":{"full":false,"thumbnail":false,"medium":false,"medium_large":false,"large":false,"1536x1536":false,"2048x2048":false},"uagb_author_info":{"display_name":"admin","author_link":"https:\/\/kita-sonnenblume-hamburg.de\/?author=1"},"uagb_comment_info":0,"uagb_excerpt":"Da unser gemeinsames Hauptinteresse den Kindern gilt, liegt uns die&nbsp;Zusammenarbeit zwischen der Kita und den Eltern&nbsp;sehr am Herzen. Neben T\u00fcr- und Angelgespr\u00e4chen sind nat\u00fcrlich auch Einzelgespr\u00e4che nach vorheriger Vereinbarung m\u00f6glich; und einmal im Jahr findet ein sog. Entwicklungsgespr\u00e4ch mit den Eltern statt. Zu Beginn eines jeden Kitajahres w\u00e4hlen die Eltern aller Kinder den&nbsp;Elternbeirat. Dieser begleitet&hellip;","_links":{"self":[{"href":"https:\/\/kita-sonnenblume-hamburg.de\/index.php?rest_route=\/wp\/v2\/pages\/121","targetHints":{"allow":["GET"]}}],"collection":[{"href":"https:\/\/kita-sonnenblume-hamburg.de\/index.php?rest_route=\/wp\/v2\/pages"}],"about":[{"href":"https:\/\/kita-sonnenblume-hamburg.de\/index.php?rest_route=\/wp\/v2\/types\/page"}],"author":[{"embeddable":true,"href":"https:\/\/kita-sonnenblume-hamburg.de\/index.php?rest_route=\/wp\/v2\/users\/1"}],"replies":[{"embeddable":true,"href":"https:\/\/kita-sonnenblume-hamburg.de\/index.php?rest_route=%2Fwp%2Fv2%2Fcomments&post=121"}],"version-history":[{"count":1,"href":"https:\/\/kita-sonnenblume-hamburg.de\/index.php?rest_route=\/wp\/v2\/pages\/121\/revisions"}],"predecessor-version":[{"id":122,"href":"https:\/\/kita-sonnenblume-hamburg.de\/index.php?rest_route=\/wp\/v2\/pages\/121\/revisions\/122"}],"up":[{"embeddable":true,"href":"https:\/\/kita-sonnenblume-hamburg.de\/index.php?rest_route=\/wp\/v2\/pages\/15"}],"wp:attachment":[{"href":"https:\/\/kita-sonnenblume-hamburg.de\/index.php?rest_route=%2Fwp%2Fv2%2Fmedia&parent=121"}],"curies":[{"name":"wp","href":"https:\/\/api.w.org\/{rel}","templated":true}]}}