{"id":126,"date":"2021-02-01T16:12:17","date_gmt":"2021-02-01T16:12:17","guid":{"rendered":"https:\/\/kita-sonnenblume-hamburg.de\/?page_id=126"},"modified":"2022-12-08T12:22:47","modified_gmt":"2022-12-08T12:22:47","slug":"unsere-konzeption","status":"publish","type":"page","link":"https:\/\/kita-sonnenblume-hamburg.de\/?page_id=126","title":{"rendered":"Unsere Konzeption"},"content":{"rendered":"\n<p>                 <strong>\u201eJedes Kind<br>&nbsp;&nbsp;&nbsp;&nbsp;&nbsp;&nbsp;&nbsp;&nbsp;&nbsp;&nbsp;&nbsp;&nbsp;&nbsp;&nbsp;&nbsp;&nbsp;&nbsp;&nbsp;&nbsp;hat das Recht<br>&nbsp;&nbsp;&nbsp;&nbsp;&nbsp;&nbsp;&nbsp;&nbsp;&nbsp;&nbsp;&nbsp;&nbsp;&nbsp;&nbsp;&nbsp;&nbsp;&nbsp;&nbsp;zu lernen,<br>&nbsp;&nbsp;&nbsp;&nbsp;&nbsp;&nbsp;&nbsp;&nbsp;&nbsp;&nbsp;&nbsp;&nbsp;&nbsp;&nbsp;&nbsp;&nbsp;&nbsp;zu spielen,<br>&nbsp;&nbsp;&nbsp;&nbsp;&nbsp;&nbsp;&nbsp;&nbsp;&nbsp;&nbsp;&nbsp;&nbsp;&nbsp;&nbsp;&nbsp;&nbsp;zu lachen,<br>&nbsp;&nbsp;&nbsp;&nbsp;&nbsp;&nbsp;&nbsp;&nbsp;&nbsp;&nbsp;&nbsp;&nbsp;&nbsp;&nbsp;&nbsp;zu tr\u00e4umen,<br>&nbsp;&nbsp;&nbsp;&nbsp;&nbsp;&nbsp;&nbsp;&nbsp;&nbsp;&nbsp;&nbsp;&nbsp;&nbsp;&nbsp;zu lieben,<br>&nbsp;&nbsp;&nbsp;&nbsp;&nbsp;&nbsp;&nbsp;&nbsp;&nbsp;&nbsp;&nbsp;&nbsp;&nbsp;anderer Ansicht zu sein,<br>&nbsp;&nbsp;&nbsp;&nbsp;&nbsp;&nbsp;&nbsp;&nbsp;&nbsp;&nbsp;&nbsp;&nbsp;vorw\u00e4rts zu kommen,<br>&nbsp;&nbsp;&nbsp;&nbsp;&nbsp;&nbsp;&nbsp;&nbsp;&nbsp;&nbsp;&nbsp;und sich zu verwirklichen.\u201c<\/strong><\/p>\n\n\n\n<p><strong>Der Besuch einer Kita ist f\u00fcr die meisten Kinder der&nbsp;<\/strong><em>erste entscheidende Schritt<\/em><strong>&nbsp;aus der Familie heraus.<\/strong><\/p>\n\n\n\n<p><strong>Bei uns finden die Kinder R\u00e4ume und Material&nbsp;<\/strong><em>zum Spielen und Ausprobieren<\/em><strong>. Au\u00dferdem gibt es Freir\u00e4ume zum&nbsp;<\/strong><em>Rennen und Toben<\/em><strong>, Ecken und Winkel zum&nbsp;<\/strong><em>Ausruhen und Kuscheln<\/em><strong>&nbsp;und viele andere Kinder, mit denen sie&nbsp;<\/strong><em>Kontakte kn\u00fcpfen<\/em><strong>&nbsp;k\u00f6nnen.<\/strong><\/p>\n\n\n\n<p><strong>Durch die sich \u00e4ndernde Gesellschaft, z.B. die Berufst\u00e4tigkeit beider Eltern, verbringen immer mehr Kinder mehr als 4 Stunden in unserer Einrichtung. Damit \u00e4ndern sich auch die&nbsp;<\/strong><em>Anforderungen an eine Kindertageseinrichtung<\/em><strong>.<\/strong><\/p>\n\n\n\n<p><strong>Es ist daher f\u00fcr uns in erster Linie wichtig, die&nbsp;<\/strong><em>Bed\u00fcrfnisse der Kinder<\/em><strong>&nbsp;zu erkennen und zu ber\u00fccksichtigen.<\/strong><\/p>\n\n\n\n<p><strong>Wir wollen den Kindern ein&nbsp;<\/strong><em>Gef\u00fchl von Geborgenheit und Verst\u00e4ndnis<\/em><strong>&nbsp;vermitteln.<\/strong><\/p>\n\n\n\n<p><strong>Wichtig ist auch, ihren&nbsp;<\/strong><em>Entwicklungsstand und ihre eigene Lernweise<\/em><strong>&nbsp;zu ber\u00fccksichtigen.<\/strong><\/p>\n\n\n\n<p><strong>Die wichtigste Lern- und Besch\u00e4ftigungsform ist das&nbsp;<\/strong><em>Spiel<\/em><strong>&nbsp;in seinen unterschiedlichen Formen. Hier erf\u00e4hrt das Kind ein einheitliches Lernen. Spiel, Bewegung und Besch\u00e4ftigung sind f\u00fcr das Kind eine Lebensnotwendigkeit und bedeuten die Entfaltung und F\u00f6rderung seiner Pers\u00f6nlichkeit.<\/strong><\/p>\n\n\n\n<p><strong>Unsere Mitarbeiterinnen beobachten die Kinder, regen an, ermuntern sie und leisten ggfs. auch Hilfestellung. So k\u00f6nnen auch spezielle&nbsp;<\/strong><em>Neigungen und Begabungen<\/em><strong>&nbsp;gef\u00f6rdert, aber auch&nbsp;<\/strong><em>Defizite<\/em><strong>&nbsp;entdeckt und durch entsprechende Angebote ausgeglichen werden.<\/strong><\/p>\n\n\n\n<p><strong>Konzeption bedeutet aber auch f\u00fcr uns:&nbsp;<\/strong><em>Reflektion der t\u00e4glichen Arbeit<\/em><strong>&nbsp;mit Kindern, Eltern und den Kolleginnen in unserem Team sowie die regelm\u00e4\u00dfige \u00dcberpr\u00fcfung, z.B. im Rahmen des Qualit\u00e4ts-Managements.<\/strong><\/p>\n\n\n\n<p><em>Fachlich<\/em><strong>\u00a0wird unser Kindergarten vom\u00a0<\/strong><em>Caritasverband f\u00fcr Hamburg e.V.<\/em><strong>\u00a0unterst\u00fctzt.<br><br>Die Kita nimmt an dem Projekt des Erzbistums Hamburg des\u00a0<em>KTK G\u00fctesiegel<\/em>\u00a0teil. Wir haben 2019 den\u00a0<em>KTK- Qualit\u00e4tsbrief<\/em>\u00a0mit Erfolg erhalten und im September 2022 erfolgreich eine Reevaluation durchgef\u00fchrt.<\/strong><\/p>\n\n\n\n<p><strong>Dieses Projekt dient dazu, sich strukturiert und \u00fcberpr\u00fcfbar<\/strong><\/p>\n\n\n\n<p><strong>mit dem Profil der Einrichtung,&nbsp;der p\u00e4dagogischen Arbeit&nbsp;und den organisatorischen Bedingungen und Abl\u00e4ufen<\/strong><br><strong><br>zu befassen.<\/strong><\/p>\n","protected":false},"excerpt":{"rendered":"<p>\u201eJedes Kind&nbsp;&nbsp;&nbsp;&nbsp;&nbsp;&nbsp;&nbsp;&nbsp;&nbsp;&nbsp;&nbsp;&nbsp;&nbsp;&nbsp;&nbsp;&nbsp;&nbsp;&nbsp;&nbsp;hat das Recht&nbsp;&nbsp;&nbsp;&nbsp;&nbsp;&nbsp;&nbsp;&nbsp;&nbsp;&nbsp;&nbsp;&nbsp;&nbsp;&nbsp;&nbsp;&nbsp;&nbsp;&nbsp;zu lernen,&nbsp;&nbsp;&nbsp;&nbsp;&nbsp;&nbsp;&nbsp;&nbsp;&nbsp;&nbsp;&nbsp;&nbsp;&nbsp;&nbsp;&nbsp;&nbsp;&nbsp;zu spielen,&nbsp;&nbsp;&nbsp;&nbsp;&nbsp;&nbsp;&nbsp;&nbsp;&nbsp;&nbsp;&nbsp;&nbsp;&nbsp;&nbsp;&nbsp;&nbsp;zu lachen,&nbsp;&nbsp;&nbsp;&nbsp;&nbsp;&nbsp;&nbsp;&nbsp;&nbsp;&nbsp;&nbsp;&nbsp;&nbsp;&nbsp;&nbsp;zu tr\u00e4umen,&nbsp;&nbsp;&nbsp;&nbsp;&nbsp;&nbsp;&nbsp;&nbsp;&nbsp;&nbsp;&nbsp;&nbsp;&nbsp;&nbsp;zu lieben,&nbsp;&nbsp;&nbsp;&nbsp;&nbsp;&nbsp;&nbsp;&nbsp;&nbsp;&nbsp;&nbsp;&nbsp;&nbsp;anderer Ansicht zu sein,&nbsp;&nbsp;&nbsp;&nbsp;&nbsp;&nbsp;&nbsp;&nbsp;&nbsp;&nbsp;&nbsp;&nbsp;vorw\u00e4rts zu kommen,&nbsp;&nbsp;&nbsp;&nbsp;&nbsp;&nbsp;&nbsp;&nbsp;&nbsp;&nbsp;&nbsp;und sich zu verwirklichen.\u201c Der Besuch einer Kita ist f\u00fcr die meisten Kinder der&nbsp;erste entscheidende Schritt&nbsp;aus der Familie heraus. Bei uns finden die Kinder R\u00e4ume und Material&nbsp;zum Spielen und Ausprobieren. Au\u00dferdem gibt es Freir\u00e4ume zum&nbsp;Rennen und Toben, Ecken und Winkel zum&nbsp;Ausruhen und &hellip;<\/p>\n<p class=\"read-more\"> <a class=\"\" href=\"https:\/\/kita-sonnenblume-hamburg.de\/?page_id=126\"> <span class=\"screen-reader-text\">Unsere Konzeption<\/span> Weiterlesen &raquo;<\/a><\/p>\n","protected":false},"author":1,"featured_media":0,"parent":17,"menu_order":31,"comment_status":"closed","ping_status":"closed","template":"","meta":{"_uag_custom_page_level_css":"","ngg_post_thumbnail":0,"footnotes":""},"class_list":["post-126","page","type-page","status-publish","hentry"],"uagb_featured_image_src":{"full":false,"thumbnail":false,"medium":false,"medium_large":false,"large":false,"1536x1536":false,"2048x2048":false},"uagb_author_info":{"display_name":"admin","author_link":"https:\/\/kita-sonnenblume-hamburg.de\/?author=1"},"uagb_comment_info":0,"uagb_excerpt":"\u201eJedes Kind&nbsp;&nbsp;&nbsp;&nbsp;&nbsp;&nbsp;&nbsp;&nbsp;&nbsp;&nbsp;&nbsp;&nbsp;&nbsp;&nbsp;&nbsp;&nbsp;&nbsp;&nbsp;&nbsp;hat das Recht&nbsp;&nbsp;&nbsp;&nbsp;&nbsp;&nbsp;&nbsp;&nbsp;&nbsp;&nbsp;&nbsp;&nbsp;&nbsp;&nbsp;&nbsp;&nbsp;&nbsp;&nbsp;zu lernen,&nbsp;&nbsp;&nbsp;&nbsp;&nbsp;&nbsp;&nbsp;&nbsp;&nbsp;&nbsp;&nbsp;&nbsp;&nbsp;&nbsp;&nbsp;&nbsp;&nbsp;zu spielen,&nbsp;&nbsp;&nbsp;&nbsp;&nbsp;&nbsp;&nbsp;&nbsp;&nbsp;&nbsp;&nbsp;&nbsp;&nbsp;&nbsp;&nbsp;&nbsp;zu lachen,&nbsp;&nbsp;&nbsp;&nbsp;&nbsp;&nbsp;&nbsp;&nbsp;&nbsp;&nbsp;&nbsp;&nbsp;&nbsp;&nbsp;&nbsp;zu tr\u00e4umen,&nbsp;&nbsp;&nbsp;&nbsp;&nbsp;&nbsp;&nbsp;&nbsp;&nbsp;&nbsp;&nbsp;&nbsp;&nbsp;&nbsp;zu lieben,&nbsp;&nbsp;&nbsp;&nbsp;&nbsp;&nbsp;&nbsp;&nbsp;&nbsp;&nbsp;&nbsp;&nbsp;&nbsp;anderer Ansicht zu sein,&nbsp;&nbsp;&nbsp;&nbsp;&nbsp;&nbsp;&nbsp;&nbsp;&nbsp;&nbsp;&nbsp;&nbsp;vorw\u00e4rts zu kommen,&nbsp;&nbsp;&nbsp;&nbsp;&nbsp;&nbsp;&nbsp;&nbsp;&nbsp;&nbsp;&nbsp;und sich zu verwirklichen.\u201c Der Besuch einer Kita ist f\u00fcr die meisten Kinder der&nbsp;erste entscheidende Schritt&nbsp;aus der Familie heraus. Bei uns finden die Kinder R\u00e4ume und Material&nbsp;zum Spielen und Ausprobieren. Au\u00dferdem gibt es Freir\u00e4ume zum&nbsp;Rennen und Toben, Ecken und Winkel zum&nbsp;Ausruhen und&hellip;","_links":{"self":[{"href":"https:\/\/kita-sonnenblume-hamburg.de\/index.php?rest_route=\/wp\/v2\/pages\/126","targetHints":{"allow":["GET"]}}],"collection":[{"href":"https:\/\/kita-sonnenblume-hamburg.de\/index.php?rest_route=\/wp\/v2\/pages"}],"about":[{"href":"https:\/\/kita-sonnenblume-hamburg.de\/index.php?rest_route=\/wp\/v2\/types\/page"}],"author":[{"embeddable":true,"href":"https:\/\/kita-sonnenblume-hamburg.de\/index.php?rest_route=\/wp\/v2\/users\/1"}],"replies":[{"embeddable":true,"href":"https:\/\/kita-sonnenblume-hamburg.de\/index.php?rest_route=%2Fwp%2Fv2%2Fcomments&post=126"}],"version-history":[{"count":3,"href":"https:\/\/kita-sonnenblume-hamburg.de\/index.php?rest_route=\/wp\/v2\/pages\/126\/revisions"}],"predecessor-version":[{"id":386,"href":"https:\/\/kita-sonnenblume-hamburg.de\/index.php?rest_route=\/wp\/v2\/pages\/126\/revisions\/386"}],"up":[{"embeddable":true,"href":"https:\/\/kita-sonnenblume-hamburg.de\/index.php?rest_route=\/wp\/v2\/pages\/17"}],"wp:attachment":[{"href":"https:\/\/kita-sonnenblume-hamburg.de\/index.php?rest_route=%2Fwp%2Fv2%2Fmedia&parent=126"}],"curies":[{"name":"wp","href":"https:\/\/api.w.org\/{rel}","templated":true}]}}