{"id":13,"date":"2021-02-01T15:27:27","date_gmt":"2021-02-01T15:27:27","guid":{"rendered":"https:\/\/kita-sonnenblume-hamburg.de\/?page_id=13"},"modified":"2024-11-01T13:47:52","modified_gmt":"2024-11-01T13:47:52","slug":"wer-sind-wir","status":"publish","type":"page","link":"https:\/\/kita-sonnenblume-hamburg.de\/","title":{"rendered":"WER SIND WIR?"},"content":{"rendered":"\n<p><strong>Wir sind\u00a0die Katholische Kindertagesst\u00e4tte Sonnenblume der Katholischen Kirchengemeinde Mari\u00e4 Himmelfahrt,<br><em>(Leiterin: Barbara K\u00f6ppinghoff)\u00a0<\/em>in der Tr\u00e4gerschaft der Pfarrei Seliger Johanne Prassek, Oldenfelder Stra\u00dfe 27, 22143 Hamburg\u00a0<em>.<\/em><\/strong><\/p>\n\n\n\n<p><strong>Durch ihre Verbundenheit mit der Kirchengemeinde hat unsere Kita somit die gute M\u00f6glichkeit, zum Begegnungsort f\u00fcr Eltern, Gro\u00dfeltern, Gemeindemitglieder und ausl\u00e4ndische B\u00fcrger usw. zu werden.<\/strong><\/p>\n\n\n\n<p><strong>Auch nicht-katholische Kinder sollen sich in unserer Kita ganz aufgenommen f\u00fchlen.<\/strong><\/p>\n\n\n\n<p><strong>Unsere Einrichtung besuchen Kinder verschiedener Nationalit\u00e4ten;&nbsp;sie bedeuten f\u00fcr uns eine Bereicherung. Die Kinder werden vertraut mit unterschiedlichen Kulturen, \u00fcben sich in Toleranz und schlie\u00dfen Freundschaften. Dabei legen wir viel Wert auf die F\u00f6rderung der Sprache und des sprachlichen Ausdrucks.<\/strong><\/p>\n","protected":false},"excerpt":{"rendered":"<p>Wir sind\u00a0die Katholische Kindertagesst\u00e4tte Sonnenblume der Katholischen Kirchengemeinde Mari\u00e4 Himmelfahrt,(Leiterin: Barbara K\u00f6ppinghoff)\u00a0in der Tr\u00e4gerschaft der Pfarrei Seliger Johanne Prassek, Oldenfelder Stra\u00dfe 27, 22143 Hamburg\u00a0. Durch ihre Verbundenheit mit der Kirchengemeinde hat unsere Kita somit die gute M\u00f6glichkeit, zum Begegnungsort f\u00fcr Eltern, Gro\u00dfeltern, Gemeindemitglieder und ausl\u00e4ndische B\u00fcrger usw. zu werden. Auch nicht-katholische Kinder sollen sich in &hellip;<\/p>\n<p class=\"read-more\"> <a class=\"\" href=\"https:\/\/kita-sonnenblume-hamburg.de\/\"> <span class=\"screen-reader-text\">WER SIND WIR?<\/span> Weiterlesen &raquo;<\/a><\/p>\n","protected":false},"author":1,"featured_media":0,"parent":0,"menu_order":10,"comment_status":"closed","ping_status":"closed","template":"","meta":{"_uag_custom_page_level_css":"","ngg_post_thumbnail":0,"footnotes":""},"class_list":["post-13","page","type-page","status-publish","hentry"],"uagb_featured_image_src":{"full":false,"thumbnail":false,"medium":false,"medium_large":false,"large":false,"1536x1536":false,"2048x2048":false},"uagb_author_info":{"display_name":"admin","author_link":"https:\/\/kita-sonnenblume-hamburg.de\/?author=1"},"uagb_comment_info":0,"uagb_excerpt":"Wir sind\u00a0die Katholische Kindertagesst\u00e4tte Sonnenblume der Katholischen Kirchengemeinde Mari\u00e4 Himmelfahrt,(Leiterin: Barbara K\u00f6ppinghoff)\u00a0in der Tr\u00e4gerschaft der Pfarrei Seliger Johanne Prassek, Oldenfelder Stra\u00dfe 27, 22143 Hamburg\u00a0. Durch ihre Verbundenheit mit der Kirchengemeinde hat unsere Kita somit die gute M\u00f6glichkeit, zum Begegnungsort f\u00fcr Eltern, Gro\u00dfeltern, Gemeindemitglieder und ausl\u00e4ndische B\u00fcrger usw. zu werden. Auch nicht-katholische Kinder sollen sich in&hellip;","_links":{"self":[{"href":"https:\/\/kita-sonnenblume-hamburg.de\/index.php?rest_route=\/wp\/v2\/pages\/13","targetHints":{"allow":["GET"]}}],"collection":[{"href":"https:\/\/kita-sonnenblume-hamburg.de\/index.php?rest_route=\/wp\/v2\/pages"}],"about":[{"href":"https:\/\/kita-sonnenblume-hamburg.de\/index.php?rest_route=\/wp\/v2\/types\/page"}],"author":[{"embeddable":true,"href":"https:\/\/kita-sonnenblume-hamburg.de\/index.php?rest_route=\/wp\/v2\/users\/1"}],"replies":[{"embeddable":true,"href":"https:\/\/kita-sonnenblume-hamburg.de\/index.php?rest_route=%2Fwp%2Fv2%2Fcomments&post=13"}],"version-history":[{"count":6,"href":"https:\/\/kita-sonnenblume-hamburg.de\/index.php?rest_route=\/wp\/v2\/pages\/13\/revisions"}],"predecessor-version":[{"id":590,"href":"https:\/\/kita-sonnenblume-hamburg.de\/index.php?rest_route=\/wp\/v2\/pages\/13\/revisions\/590"}],"wp:attachment":[{"href":"https:\/\/kita-sonnenblume-hamburg.de\/index.php?rest_route=%2Fwp%2Fv2%2Fmedia&parent=13"}],"curies":[{"name":"wp","href":"https:\/\/api.w.org\/{rel}","templated":true}]}}