{"id":130,"date":"2021-02-01T16:14:03","date_gmt":"2021-02-01T16:14:03","guid":{"rendered":"https:\/\/kita-sonnenblume-hamburg.de\/?page_id=130"},"modified":"2025-04-03T11:47:29","modified_gmt":"2025-04-03T11:47:29","slug":"tagesablauf-wochenplan","status":"publish","type":"page","link":"https:\/\/kita-sonnenblume-hamburg.de\/?page_id=130","title":{"rendered":"Tagesablauf \/ Wochenplan"},"content":{"rendered":"\n<p><strong>F\u00fcr jeden Tag gibt es in der Kita einen Wochenplan, der auch f\u00fcr die Eltern zur Einsicht aush\u00e4ngt.<\/strong><\/p>\n\n\n\n<p><strong>Hier als Grundstruktur ein Beispiel aus dem Tagesablauf im Elementarbereich:<\/strong><\/p>\n\n\n\n<figure class=\"wp-block-table\"><table><tbody><tr><td>07:00 &#8211; 09:00 Uhr<\/td><td>Ankommen der Kinder<\/td><\/tr><tr><td>08:00 &#8211; 09:00 Uhr<\/td><td>Fr\u00fchst\u00fcck <\/td><\/tr><tr><td>09:00 &#8211; 11:30 Uhr<\/td><td>Freispiel \/ Projekte \/ besondere<\/td><\/tr><tr><td><\/td><td>Angebote<\/td><\/tr><tr><td>ab\u00a0 12:00 &#8211; 13:00 Uhr<\/td><td>Mittagessen der einzelnen Gruppen<\/td><\/tr><tr><td>ab\u00a0 13:00 &#8211; 14:00 Uhr<\/td><td>1. Abholzeit<\/td><\/tr><tr><td>14:00 &#8211; 14:30 Uhr<\/td><td>Schmausepause<\/td><\/tr><tr><td>bis 17:00 Uhr<\/td><td>Freispiel<\/td><\/tr><\/tbody><\/table><\/figure>\n","protected":false},"excerpt":{"rendered":"<p>F\u00fcr jeden Tag gibt es in der Kita einen Wochenplan, der auch f\u00fcr die Eltern zur Einsicht aush\u00e4ngt. Hier als Grundstruktur ein Beispiel aus dem Tagesablauf im Elementarbereich: 07:00 &#8211; 09:00 Uhr Ankommen der Kinder 08:00 &#8211; 09:00 Uhr Fr\u00fchst\u00fcck 09:00 &#8211; 11:30 Uhr Freispiel \/ Projekte \/ besondere Angebote ab\u00a0 12:00 &#8211; 13:00 Uhr &hellip;<\/p>\n<p class=\"read-more\"> <a class=\"\" href=\"https:\/\/kita-sonnenblume-hamburg.de\/?page_id=130\"> <span class=\"screen-reader-text\">Tagesablauf \/ Wochenplan<\/span> Weiterlesen &raquo;<\/a><\/p>\n","protected":false},"author":1,"featured_media":0,"parent":17,"menu_order":33,"comment_status":"closed","ping_status":"closed","template":"","meta":{"_uag_custom_page_level_css":"","ngg_post_thumbnail":0,"footnotes":""},"class_list":["post-130","page","type-page","status-publish","hentry"],"uagb_featured_image_src":{"full":false,"thumbnail":false,"medium":false,"medium_large":false,"large":false,"1536x1536":false,"2048x2048":false},"uagb_author_info":{"display_name":"admin","author_link":"https:\/\/kita-sonnenblume-hamburg.de\/?author=1"},"uagb_comment_info":0,"uagb_excerpt":"F\u00fcr jeden Tag gibt es in der Kita einen Wochenplan, der auch f\u00fcr die Eltern zur Einsicht aush\u00e4ngt. Hier als Grundstruktur ein Beispiel aus dem Tagesablauf im Elementarbereich: 07:00 &#8211; 09:00 Uhr Ankommen der Kinder 08:00 &#8211; 09:00 Uhr Fr\u00fchst\u00fcck 09:00 &#8211; 11:30 Uhr Freispiel \/ Projekte \/ besondere Angebote ab\u00a0 12:00 &#8211; 13:00 Uhr&hellip;","_links":{"self":[{"href":"https:\/\/kita-sonnenblume-hamburg.de\/index.php?rest_route=\/wp\/v2\/pages\/130","targetHints":{"allow":["GET"]}}],"collection":[{"href":"https:\/\/kita-sonnenblume-hamburg.de\/index.php?rest_route=\/wp\/v2\/pages"}],"about":[{"href":"https:\/\/kita-sonnenblume-hamburg.de\/index.php?rest_route=\/wp\/v2\/types\/page"}],"author":[{"embeddable":true,"href":"https:\/\/kita-sonnenblume-hamburg.de\/index.php?rest_route=\/wp\/v2\/users\/1"}],"replies":[{"embeddable":true,"href":"https:\/\/kita-sonnenblume-hamburg.de\/index.php?rest_route=%2Fwp%2Fv2%2Fcomments&post=130"}],"version-history":[{"count":5,"href":"https:\/\/kita-sonnenblume-hamburg.de\/index.php?rest_route=\/wp\/v2\/pages\/130\/revisions"}],"predecessor-version":[{"id":611,"href":"https:\/\/kita-sonnenblume-hamburg.de\/index.php?rest_route=\/wp\/v2\/pages\/130\/revisions\/611"}],"up":[{"embeddable":true,"href":"https:\/\/kita-sonnenblume-hamburg.de\/index.php?rest_route=\/wp\/v2\/pages\/17"}],"wp:attachment":[{"href":"https:\/\/kita-sonnenblume-hamburg.de\/index.php?rest_route=%2Fwp%2Fv2%2Fmedia&parent=130"}],"curies":[{"name":"wp","href":"https:\/\/api.w.org\/{rel}","templated":true}]}}