{"id":151,"date":"2021-02-01T16:31:17","date_gmt":"2021-02-01T16:31:17","guid":{"rendered":"https:\/\/kita-sonnenblume-hamburg.de\/?page_id=151"},"modified":"2021-02-01T16:31:19","modified_gmt":"2021-02-01T16:31:19","slug":"links","status":"publish","type":"page","link":"https:\/\/kita-sonnenblume-hamburg.de\/?page_id=151","title":{"rendered":"LINKS"},"content":{"rendered":"\n<p><strong>Diese Internetadressen k\u00f6nnten Sie vielleicht interessieren:<\/strong><\/p>\n\n\n\n<p><strong>&#8211; Kath.Kirchengemeinde Mari\u00e4 Himmelfahrt:<br>&nbsp;&nbsp;<a href=\"http:\/\/www.mahira.de\/\" target=\"_blank\" rel=\"noreferrer noopener\">www.mahira.de<\/a><\/strong><\/p>\n\n\n\n<p><strong>&#8211; Pfarrei Seliger Johannes Prassek:<br>&nbsp;&nbsp;<a href=\"http:\/\/www.johannes-prassek.de\/\" target=\"_blank\" rel=\"noreferrer noopener\">www.johannes-prassek.de<\/a><\/strong><\/p>\n\n\n\n<p><strong>&#8211; Kitas im Erzbistum Hamburg:<br>&nbsp;&nbsp;<a href=\"http:\/\/katholische-kitas-hamburg.de\/\" target=\"_blank\" rel=\"noreferrer noopener\">www.katholische-kitas-hamburg.de<\/a><\/strong><br><br><strong>&#8211; Erzbistum Hamburg:<br>&nbsp;&nbsp;<a href=\"http:\/\/erzbistum-hamburg.de\/\" target=\"_blank\" rel=\"noreferrer noopener\">www.erzbistum-hamburg.de<\/a><\/strong><\/p>\n\n\n\n<p><strong>&#8211; Katholische Familienbildungsst\u00e4tte Hamburg:<br>&nbsp;&nbsp;<a href=\"http:\/\/www.familienbildung-hh.de\/\" target=\"_blank\" rel=\"noreferrer noopener\">www.familienbildung-hh.de<\/a><\/strong><strong>&#8211; Kath. Beratungsstelle f\u00fcr Ehe, Familien- und Lebensfragen:<br>&nbsp;&nbsp;<a href=\"http:\/\/www.ehe-familien-lebensberatung.info\/\" target=\"_blank\" rel=\"noreferrer noopener\">www.ehe-familien-lebensberatung.info<\/a><\/strong><\/p>\n\n\n\n<p><strong>&#8211; Kath. Beratungsstelle f\u00fcr Frauen, Familien und Schwangere<br>&nbsp;&nbsp;(SKF):<br>&nbsp;&nbsp;<a href=\"http:\/\/www.skf-beratung.de\/\" target=\"_blank\" rel=\"noreferrer noopener\">www.skf-beratung.de<\/a><\/strong><\/p>\n\n\n\n<p><strong>&#8211; Erziehungsberatung (Caritas Hamburg):<br>&nbsp;&nbsp;<a href=\"http:\/\/www.caritas-hamburg.de\/\" target=\"_blank\" rel=\"noreferrer noopener\">www.caritas-hamburg.de<\/a><\/strong><\/p>\n\n\n\n<p><strong>&#8211; Familienbund der Katholliken:<br>&nbsp;&nbsp;<a href=\"http:\/\/www.familienbund.org\/\" target=\"_blank\" rel=\"noreferrer noopener\">www.Familienbund.org<\/a><\/strong><\/p>\n\n\n\n<p><strong>&#8211; Deutscher Familienbund:<br>&nbsp;&nbsp;<a href=\"http:\/\/www.dfv-hamburg.de\/\" target=\"_blank\" rel=\"noreferrer noopener\">www.dfv-hamburg.de<\/a><\/strong><\/p>\n","protected":false},"excerpt":{"rendered":"<p>Diese Internetadressen k\u00f6nnten Sie vielleicht interessieren: &#8211; Kath.Kirchengemeinde Mari\u00e4 Himmelfahrt:&nbsp;&nbsp;www.mahira.de &#8211; Pfarrei Seliger Johannes Prassek:&nbsp;&nbsp;www.johannes-prassek.de &#8211; Kitas im Erzbistum Hamburg:&nbsp;&nbsp;www.katholische-kitas-hamburg.de &#8211; Erzbistum Hamburg:&nbsp;&nbsp;www.erzbistum-hamburg.de &#8211; Katholische Familienbildungsst\u00e4tte Hamburg:&nbsp;&nbsp;www.familienbildung-hh.de&#8211; Kath. Beratungsstelle f\u00fcr Ehe, Familien- und Lebensfragen:&nbsp;&nbsp;www.ehe-familien-lebensberatung.info &#8211; Kath. Beratungsstelle f\u00fcr Frauen, Familien und Schwangere&nbsp;&nbsp;(SKF):&nbsp;&nbsp;www.skf-beratung.de &#8211; Erziehungsberatung (Caritas Hamburg):&nbsp;&nbsp;www.caritas-hamburg.de &#8211; Familienbund der Katholliken:&nbsp;&nbsp;www.Familienbund.org &#8211; Deutscher Familienbund:&nbsp;&nbsp;www.dfv-hamburg.de<\/p>\n","protected":false},"author":1,"featured_media":0,"parent":23,"menu_order":63,"comment_status":"closed","ping_status":"closed","template":"","meta":{"_uag_custom_page_level_css":"","ngg_post_thumbnail":0,"footnotes":""},"class_list":["post-151","page","type-page","status-publish","hentry"],"uagb_featured_image_src":{"full":false,"thumbnail":false,"medium":false,"medium_large":false,"large":false,"1536x1536":false,"2048x2048":false},"uagb_author_info":{"display_name":"admin","author_link":"https:\/\/kita-sonnenblume-hamburg.de\/?author=1"},"uagb_comment_info":0,"uagb_excerpt":"Diese Internetadressen k\u00f6nnten Sie vielleicht interessieren: &#8211; Kath.Kirchengemeinde Mari\u00e4 Himmelfahrt:&nbsp;&nbsp;www.mahira.de &#8211; Pfarrei Seliger Johannes Prassek:&nbsp;&nbsp;www.johannes-prassek.de &#8211; Kitas im Erzbistum Hamburg:&nbsp;&nbsp;www.katholische-kitas-hamburg.de &#8211; Erzbistum Hamburg:&nbsp;&nbsp;www.erzbistum-hamburg.de &#8211; Katholische Familienbildungsst\u00e4tte Hamburg:&nbsp;&nbsp;www.familienbildung-hh.de&#8211; Kath. Beratungsstelle f\u00fcr Ehe, Familien- und Lebensfragen:&nbsp;&nbsp;www.ehe-familien-lebensberatung.info &#8211; Kath. Beratungsstelle f\u00fcr Frauen, Familien und Schwangere&nbsp;&nbsp;(SKF):&nbsp;&nbsp;www.skf-beratung.de &#8211; Erziehungsberatung (Caritas Hamburg):&nbsp;&nbsp;www.caritas-hamburg.de &#8211; Familienbund der Katholliken:&nbsp;&nbsp;www.Familienbund.org &#8211; Deutscher Familienbund:&nbsp;&nbsp;www.dfv-hamburg.de","_links":{"self":[{"href":"https:\/\/kita-sonnenblume-hamburg.de\/index.php?rest_route=\/wp\/v2\/pages\/151","targetHints":{"allow":["GET"]}}],"collection":[{"href":"https:\/\/kita-sonnenblume-hamburg.de\/index.php?rest_route=\/wp\/v2\/pages"}],"about":[{"href":"https:\/\/kita-sonnenblume-hamburg.de\/index.php?rest_route=\/wp\/v2\/types\/page"}],"author":[{"embeddable":true,"href":"https:\/\/kita-sonnenblume-hamburg.de\/index.php?rest_route=\/wp\/v2\/users\/1"}],"replies":[{"embeddable":true,"href":"https:\/\/kita-sonnenblume-hamburg.de\/index.php?rest_route=%2Fwp%2Fv2%2Fcomments&post=151"}],"version-history":[{"count":1,"href":"https:\/\/kita-sonnenblume-hamburg.de\/index.php?rest_route=\/wp\/v2\/pages\/151\/revisions"}],"predecessor-version":[{"id":152,"href":"https:\/\/kita-sonnenblume-hamburg.de\/index.php?rest_route=\/wp\/v2\/pages\/151\/revisions\/152"}],"up":[{"embeddable":true,"href":"https:\/\/kita-sonnenblume-hamburg.de\/index.php?rest_route=\/wp\/v2\/pages\/23"}],"wp:attachment":[{"href":"https:\/\/kita-sonnenblume-hamburg.de\/index.php?rest_route=%2Fwp%2Fv2%2Fmedia&parent=151"}],"curies":[{"name":"wp","href":"https:\/\/api.w.org\/{rel}","templated":true}]}}