{"id":27,"date":"2021-02-01T15:32:14","date_gmt":"2021-02-01T15:32:14","guid":{"rendered":"https:\/\/kita-sonnenblume-hamburg.de\/?page_id=27"},"modified":"2022-12-08T12:27:41","modified_gmt":"2022-12-08T12:27:41","slug":"unsere-ziele","status":"publish","type":"page","link":"https:\/\/kita-sonnenblume-hamburg.de\/?page_id=27","title":{"rendered":"Unsere Ziele"},"content":{"rendered":"\n<p><strong>Unsere Kita versteht sich als&nbsp;<\/strong><em>familienerg\u00e4nzende Einrichtung<\/em><strong>, in der wir in Zusammenarbeit mit den Eltern und der Kirchengemeinde&nbsp;<\/strong><em>Lebens- und Glaubensraum<\/em><strong>&nbsp;f\u00fcr Kinder gestalten.<\/strong><\/p>\n\n\n\n<p><strong>Hier sollen die Kinder&nbsp;<\/strong><em>Zuwendung, Gemeinschaft und individuelle F\u00f6rderung<\/em><strong>&nbsp;im ganzheitlichen Sinn erfahren.<\/strong><\/p>\n\n\n\n<p><em>Ganzheitliche Erziehung<\/em><strong>&nbsp;meint, dass das Kind mit allen Sinnen, z.B. h\u00f6rend, sehend und f\u00fchlend t\u00e4tig sein kann. Dazu geh\u00f6rt auch die Erfahrung des Kindes, sich in seiner Person und mit seinen Bed\u00fcrfnissen, St\u00e4rken und Schw\u00e4chen angenommen und ernstgenommen zu wissen.<\/strong><\/p>\n\n\n\n<p><strong>In diesem Sinne ist das&nbsp;<\/strong><em>christliche Welt- und Menschenbild<\/em><strong>&nbsp;ein hervorragendes Fundament f\u00fcr unsere Arbeit. Darum sind wir bem\u00fcht, die Kinder in unserer Einrichtung Inhalte und Formen christlichen Lebens erfahren zu lassen, in der Hoffnung, dass diese Erfahrungen durch die Familie unterst\u00fctzt werden.<\/strong><\/p>\n","protected":false},"excerpt":{"rendered":"<p>Unsere Kita versteht sich als&nbsp;familienerg\u00e4nzende Einrichtung, in der wir in Zusammenarbeit mit den Eltern und der Kirchengemeinde&nbsp;Lebens- und Glaubensraum&nbsp;f\u00fcr Kinder gestalten. Hier sollen die Kinder&nbsp;Zuwendung, Gemeinschaft und individuelle F\u00f6rderung&nbsp;im ganzheitlichen Sinn erfahren. Ganzheitliche Erziehung&nbsp;meint, dass das Kind mit allen Sinnen, z.B. h\u00f6rend, sehend und f\u00fchlend t\u00e4tig sein kann. Dazu geh\u00f6rt auch die Erfahrung des Kindes, &hellip;<\/p>\n<p class=\"read-more\"> <a class=\"\" href=\"https:\/\/kita-sonnenblume-hamburg.de\/?page_id=27\"> <span class=\"screen-reader-text\">Unsere Ziele<\/span> Weiterlesen &raquo;<\/a><\/p>\n","protected":false},"author":1,"featured_media":0,"parent":13,"menu_order":11,"comment_status":"closed","ping_status":"closed","template":"","meta":{"_uag_custom_page_level_css":"","ngg_post_thumbnail":0,"footnotes":""},"class_list":["post-27","page","type-page","status-publish","hentry"],"uagb_featured_image_src":{"full":false,"thumbnail":false,"medium":false,"medium_large":false,"large":false,"1536x1536":false,"2048x2048":false},"uagb_author_info":{"display_name":"admin","author_link":"https:\/\/kita-sonnenblume-hamburg.de\/?author=1"},"uagb_comment_info":0,"uagb_excerpt":"Unsere Kita versteht sich als&nbsp;familienerg\u00e4nzende Einrichtung, in der wir in Zusammenarbeit mit den Eltern und der Kirchengemeinde&nbsp;Lebens- und Glaubensraum&nbsp;f\u00fcr Kinder gestalten. Hier sollen die Kinder&nbsp;Zuwendung, Gemeinschaft und individuelle F\u00f6rderung&nbsp;im ganzheitlichen Sinn erfahren. Ganzheitliche Erziehung&nbsp;meint, dass das Kind mit allen Sinnen, z.B. h\u00f6rend, sehend und f\u00fchlend t\u00e4tig sein kann. Dazu geh\u00f6rt auch die Erfahrung des Kindes,&hellip;","_links":{"self":[{"href":"https:\/\/kita-sonnenblume-hamburg.de\/index.php?rest_route=\/wp\/v2\/pages\/27","targetHints":{"allow":["GET"]}}],"collection":[{"href":"https:\/\/kita-sonnenblume-hamburg.de\/index.php?rest_route=\/wp\/v2\/pages"}],"about":[{"href":"https:\/\/kita-sonnenblume-hamburg.de\/index.php?rest_route=\/wp\/v2\/types\/page"}],"author":[{"embeddable":true,"href":"https:\/\/kita-sonnenblume-hamburg.de\/index.php?rest_route=\/wp\/v2\/users\/1"}],"replies":[{"embeddable":true,"href":"https:\/\/kita-sonnenblume-hamburg.de\/index.php?rest_route=%2Fwp%2Fv2%2Fcomments&post=27"}],"version-history":[{"count":1,"href":"https:\/\/kita-sonnenblume-hamburg.de\/index.php?rest_route=\/wp\/v2\/pages\/27\/revisions"}],"predecessor-version":[{"id":28,"href":"https:\/\/kita-sonnenblume-hamburg.de\/index.php?rest_route=\/wp\/v2\/pages\/27\/revisions\/28"}],"up":[{"embeddable":true,"href":"https:\/\/kita-sonnenblume-hamburg.de\/index.php?rest_route=\/wp\/v2\/pages\/13"}],"wp:attachment":[{"href":"https:\/\/kita-sonnenblume-hamburg.de\/index.php?rest_route=%2Fwp%2Fv2%2Fmedia&parent=27"}],"curies":[{"name":"wp","href":"https:\/\/api.w.org\/{rel}","templated":true}]}}