{"id":29,"date":"2021-02-01T15:33:07","date_gmt":"2021-02-01T15:33:07","guid":{"rendered":"https:\/\/kita-sonnenblume-hamburg.de\/?page_id=29"},"modified":"2022-12-08T12:16:33","modified_gmt":"2022-12-08T12:16:33","slug":"unser-team","status":"publish","type":"page","link":"https:\/\/kita-sonnenblume-hamburg.de\/?page_id=29","title":{"rendered":"Unser Team"},"content":{"rendered":"\n<p>In unserer Kita sind fachlich qualifizierte Erzieherinnen, sozialp\u00e4dagogische Assistentinnen und weitere Kitahelferinnen im Elementarbereich und in der Krippe besch\u00e4ftigt.<\/p>\n\n\n\n<p>Wir sind eine Ausbildungsst\u00e4tte und haben Praktikanten und Auszubildende im Haus. Au\u00dferdem haben wir einen FSJ Platz.<\/p>\n\n\n\n<p>Weitere Mitarbeiterinnen im Bereich der K\u00fcche, der Reinigung und f\u00fcr den Hausmeisterbereich unterst\u00fctzen die Leistungen unserer Kita.<\/p>\n\n\n\n<p>Wir legen viel Wert auf die regelm\u00e4\u00dfige Reflektion unserer Arbeit und die kontinuierliche Weiterentwicklung unseres p\u00e4dagogischen Konzeptes. Auch die Fortbildung hat in unserer Einrichtung einen gro\u00dfen Stellenwert.<\/p>\n","protected":false},"excerpt":{"rendered":"<p>In unserer Kita sind fachlich qualifizierte Erzieherinnen, sozialp\u00e4dagogische Assistentinnen und weitere Kitahelferinnen im Elementarbereich und in der Krippe besch\u00e4ftigt. Wir sind eine Ausbildungsst\u00e4tte und haben Praktikanten und Auszubildende im Haus. Au\u00dferdem haben wir einen FSJ Platz. Weitere Mitarbeiterinnen im Bereich der K\u00fcche, der Reinigung und f\u00fcr den Hausmeisterbereich unterst\u00fctzen die Leistungen unserer Kita. Wir legen &hellip;<\/p>\n<p class=\"read-more\"> <a class=\"\" href=\"https:\/\/kita-sonnenblume-hamburg.de\/?page_id=29\"> <span class=\"screen-reader-text\">Unser Team<\/span> Weiterlesen &raquo;<\/a><\/p>\n","protected":false},"author":1,"featured_media":0,"parent":13,"menu_order":12,"comment_status":"closed","ping_status":"closed","template":"","meta":{"_uag_custom_page_level_css":"","ngg_post_thumbnail":0,"footnotes":""},"class_list":["post-29","page","type-page","status-publish","hentry"],"uagb_featured_image_src":{"full":false,"thumbnail":false,"medium":false,"medium_large":false,"large":false,"1536x1536":false,"2048x2048":false},"uagb_author_info":{"display_name":"admin","author_link":"https:\/\/kita-sonnenblume-hamburg.de\/?author=1"},"uagb_comment_info":0,"uagb_excerpt":"In unserer Kita sind fachlich qualifizierte Erzieherinnen, sozialp\u00e4dagogische Assistentinnen und weitere Kitahelferinnen im Elementarbereich und in der Krippe besch\u00e4ftigt. Wir sind eine Ausbildungsst\u00e4tte und haben Praktikanten und Auszubildende im Haus. Au\u00dferdem haben wir einen FSJ Platz. Weitere Mitarbeiterinnen im Bereich der K\u00fcche, der Reinigung und f\u00fcr den Hausmeisterbereich unterst\u00fctzen die Leistungen unserer Kita. Wir legen&hellip;","_links":{"self":[{"href":"https:\/\/kita-sonnenblume-hamburg.de\/index.php?rest_route=\/wp\/v2\/pages\/29","targetHints":{"allow":["GET"]}}],"collection":[{"href":"https:\/\/kita-sonnenblume-hamburg.de\/index.php?rest_route=\/wp\/v2\/pages"}],"about":[{"href":"https:\/\/kita-sonnenblume-hamburg.de\/index.php?rest_route=\/wp\/v2\/types\/page"}],"author":[{"embeddable":true,"href":"https:\/\/kita-sonnenblume-hamburg.de\/index.php?rest_route=\/wp\/v2\/users\/1"}],"replies":[{"embeddable":true,"href":"https:\/\/kita-sonnenblume-hamburg.de\/index.php?rest_route=%2Fwp%2Fv2%2Fcomments&post=29"}],"version-history":[{"count":2,"href":"https:\/\/kita-sonnenblume-hamburg.de\/index.php?rest_route=\/wp\/v2\/pages\/29\/revisions"}],"predecessor-version":[{"id":383,"href":"https:\/\/kita-sonnenblume-hamburg.de\/index.php?rest_route=\/wp\/v2\/pages\/29\/revisions\/383"}],"up":[{"embeddable":true,"href":"https:\/\/kita-sonnenblume-hamburg.de\/index.php?rest_route=\/wp\/v2\/pages\/13"}],"wp:attachment":[{"href":"https:\/\/kita-sonnenblume-hamburg.de\/index.php?rest_route=%2Fwp%2Fv2%2Fmedia&parent=29"}],"curies":[{"name":"wp","href":"https:\/\/api.w.org\/{rel}","templated":true}]}}